{"id":263,"date":"2021-10-11T06:10:16","date_gmt":"2021-10-11T06:10:16","guid":{"rendered":"https:\/\/staging.liquid-themes.com\/multipurpose\/?page_id=263"},"modified":"2025-01-24T15:02:43","modified_gmt":"2025-01-24T15:02:43","slug":"equipo-de-neumaticos-ponte-profesionalismo-servicios","status":"publish","type":"page","link":"https:\/\/pontevea.com\/gl\/equipo-de-neumaticos-ponte-profesionalismo-servicios\/","title":{"rendered":"Equipo de Neum\u00e1ticos Pontevea"},"content":{"rendered":"\t\t<div data-elementor-type=\"wp-page\" data-elementor-id=\"263\" class=\"elementor elementor-263\">\n\t\t\t\t<div class=\"elementor-element elementor-element-2a1ca3f3 e-flex e-con-boxed e-con e-parent\" data-id=\"2a1ca3f3\" data-element_type=\"container\" data-e-type=\"container\" data-settings=\"{&quot;background_background&quot;:&quot;classic&quot;}\">\n\t\t\t\t\t<div class=\"e-con-inner\">\n\t\t\t\t<div class=\"elementor-element elementor-element-3ae6f9ec elementor-widget elementor-widget-hub_fancy_heading\" data-id=\"3ae6f9ec\" data-element_type=\"widget\" data-e-type=\"widget\" data-widget_type=\"hub_fancy_heading.default\">\n\t\t\t\t<div class=\"elementor-widget-container\">\n\t\t\t\t\t\n\t\t<div id=\"ld-fancy-heading-69ea6e36d1c76\" class=\"ld-fancy-heading pos-rel\">\n\t\t\t<h2 class=\"ld-fh-element d-inline-block pos-rel  elementor-heading-title lqd-highlight-classic lqd-highlight-grow-left h1\"  > Sobre Nosotros<\/h2>\t\t<\/div>\n\n\t\t\t\t\t\t<\/div>\n\t\t\t\t<\/div>\n\t\t\t\t<div class=\"elementor-element elementor-element-2b19056f elementor-widget__width-initial elementor-widget elementor-widget-hub_fancy_heading lqd-el-has-inner-anim\" data-id=\"2b19056f\" data-element_type=\"widget\" data-e-type=\"widget\" data-settings=\"{&quot;enable_split&quot;:&quot;true&quot;,&quot;split_type&quot;:&quot;lines&quot;}\" data-widget_type=\"hub_fancy_heading.default\">\n\t\t\t\t<div class=\"elementor-widget-container\">\n\t\t\t\t\t\n\t\t<div id=\"ld-fancy-heading-69ea6e36d2fd2\" class=\"ld-fancy-heading pos-rel\">\n\t\t\t<p class=\"ld-fh-element d-inline-block pos-rel  lqd-highlight-classic lqd-highlight-grow-left lqd-split-lines p\"  data-split-text=\"true\" data-split-options='{\"type\":\"lines\"}'> Desde nuestra fundaci\u00f3n, Neum\u00e1ticos Ponte Mec\u00e1nica R\u00e1pida S.L. ha sido sin\u00f3nimo de integridad, profesionalismo y dedicaci\u00f3n en el mundo de la mec\u00e1nica automotriz. Situados en el coraz\u00f3n de PONTEVEA TEO, Teo, hemos servido con orgullo a nuestra comunidad, ofreciendo servicios de alta calidad que superan las expectativas de nuestros clientes.<\/p>\t\t<\/div>\n\n\t\t\t\t\t\t<\/div>\n\t\t\t\t<\/div>\n\t\t\t\t\t<\/div>\n\t\t\t\t<\/div>\n\t\t\t\t<section class=\"elementor-section elementor-top-section elementor-element elementor-element-4d793a97 elementor-section-boxed elementor-section-height-default elementor-section-height-default\" data-id=\"4d793a97\" data-element_type=\"section\" data-e-type=\"section\">\n\t\t\t\t\t\t<div class=\"elementor-container elementor-column-gap-default\">\n\t\t\t\t\t<div class=\"elementor-column elementor-col-100 elementor-top-column elementor-element elementor-element-20286444\" data-id=\"20286444\" data-element_type=\"column\" data-e-type=\"column\">\n\t\t\t<div class=\"elementor-widget-wrap elementor-element-populated\">\n\t\t\t\t\t\t<div class=\"elementor-element elementor-element-3ce38ca1 elementor-widget elementor-widget-ld_tabs\" data-id=\"3ce38ca1\" data-element_type=\"widget\" data-e-type=\"widget\" data-widget_type=\"ld_tabs.default\">\n\t\t\t\t<div class=\"elementor-widget-container\">\n\t\t\t\t\t\t\t<div class=\"lqd-tabs lqd-tabs-style-11 lqd-tabs-nav-plain d-flex lqd-tabs-nav-items-not-expanded flex-column 3ce38ca1 lqd-nav-underline-\" data-tabs-options=\"{&quot;trigger&quot;:&quot;click&quot;}\">\n\n\t\t\t<nav class=\"lqd-tabs-nav-wrap mb-5\">\n\t\t\t\t<ul class=\"reset-ul lqd-tabs-nav d-flex align-items-center flex-wrap justify-content-md-center pos-rel\" role=\"tablist\"><li data-controls=\"lqd-tab-1021\" role=\"presentation\" class=\"elementor-repeater-item-136c7e3\"><a class=\"d-block\" href=\"#lqd-tab-1021\" data-bs-target=\"#lqd-tab-1021\" aria-expanded=\"false\" aria-controls=\"lqd-tab-1021\" role=\"tab\" data-toggle=\"tab\" data-bs-toggle=\"tab\"><span class=\"lqd-tabs-nav-txt\">Nuestra Historia<\/span><\/a><\/li><li data-controls=\"lqd-tab-1022\" role=\"presentation\" class=\"elementor-repeater-item-04da5ed active\"><a class=\"d-block\" href=\"#lqd-tab-1022\" data-bs-target=\"#lqd-tab-1022\" aria-expanded=\"false\" aria-controls=\"lqd-tab-1022\" role=\"tab\" data-toggle=\"tab\" data-bs-toggle=\"tab\"><span class=\"lqd-tabs-nav-txt\">Nuestro Compromiso<\/span><\/a><\/li><li data-controls=\"lqd-tab-1023\" role=\"presentation\" class=\"elementor-repeater-item-3fbf216\"><a class=\"d-block\" href=\"#lqd-tab-1023\" data-bs-target=\"#lqd-tab-1023\" aria-expanded=\"false\" aria-controls=\"lqd-tab-1023\" role=\"tab\" data-toggle=\"tab\" data-bs-toggle=\"tab\"><span class=\"lqd-tabs-nav-txt\">Sostenibilidad y Responsabilidad<\/span><\/a><\/li><\/ul>\t\t\t\t\t\t\t<\/nav>\n\n\t\t\t<div class=\"lqd-tabs-content pos-rel\"><div id=\"lqd-tab-1021\" role=\"tabpanel\" class=\"lqd-tabs-pane fade\"><p>Con a\u00f1os de experiencia en el sector, hemos visto y experimentado la evoluci\u00f3n del mundo automotriz. Desde los primeros modelos de coches hasta los veh\u00edculos modernos de alta tecnolog\u00eda, nuestra pasi\u00f3n ha sido siempre ofrecer el mejor servicio y asesoramiento a nuestros clientes.<\/p> <\/div><div id=\"lqd-tab-1022\" role=\"tabpanel\" class=\"lqd-tabs-pane fade active in\"><p style=\"text-align: center; font-size: 18px; color: #818486;\">Creemos que cada veh\u00edculo, independientemente de su marca o modelo, merece ser tratado con el m\u00e1ximo cuidado y profesionalismo. Nuestro equipo de mec\u00e1nicos expertos est\u00e1 constantemente actualiz\u00e1ndose en las \u00faltimas t\u00e9cnicas y herramientas para garantizar que tu veh\u00edculo est\u00e9 en las mejores manos.<\/p> <\/div><div id=\"lqd-tab-1023\" role=\"tabpanel\" class=\"lqd-tabs-pane fade\"><p style=\"text-align: center; font-size: 18px; color: #818486;\">Adem\u00e1s de ofrecer servicios de mec\u00e1nica de alta calidad, estamos comprometidos con pr\u00e1cticas sostenibles y responsables. Utilizamos productos ecol\u00f3gicos y nos esforzamos por minimizar nuestro impacto ambiental en cada servicio que ofrecemos.<\/p> <\/div><\/div>\n\t\t<\/div>\n\t\t\t\t\t<\/div>\n\t\t\t\t<\/div>\n\t\t\t\t\t<\/div>\n\t\t<\/div>\n\t\t\t\t\t<\/div>\n\t\t<\/section>\n\t\t\t\t<section class=\"elementor-section elementor-top-section elementor-element elementor-element-2ecbaf18 elementor-section-boxed elementor-section-height-default elementor-section-height-default\" data-id=\"2ecbaf18\" data-element_type=\"section\" data-e-type=\"section\">\n\t\t\t\t\t\t<div class=\"elementor-container elementor-column-gap-no\">\n\t\t\t\t\t<div class=\"elementor-column elementor-col-100 elementor-top-column elementor-element elementor-element-597de937\" data-id=\"597de937\" data-element_type=\"column\" data-e-type=\"column\">\n\t\t\t<div class=\"elementor-widget-wrap elementor-element-populated\">\n\t\t\t\t\t\t<div class=\"elementor-element elementor-element-136ae06d elementor-widget elementor-widget-ld_media_element\" data-id=\"136ae06d\" data-element_type=\"widget\" data-e-type=\"widget\" data-widget_type=\"ld_media_element.default\">\n\t\t\t\t<div class=\"elementor-widget-container\">\n\t\t\t\t\t\n\t\t<div class=\"ld-media-row d-flex flex-wrap\" data-liquid-masonry=\"true\">\n\n\t\t\t\t\t\t<div class=\"masonry-item elementor-repeater-item-2d4aacb\">\n\n\t\t\t\t<div class=\"ld-media-item pos-rel overflow-hidden  \">\n\n\t\t\t\t\t<figure class=\"bg-cover\">\n\t\t\t\t\t\t<img fetchpriority=\"high\" decoding=\"async\" width=\"7360\" height=\"4912\" src=\"data:image\/gif;base64,R0lGODlhAQABAIAAAAAAAP\/\/\/yH5BAEAAAAALAAAAAABAAEAAAIBRAA7\" data-src=\"https:\/\/pontevea.com\/wp-content\/uploads\/2023\/10\/getty-images-0Izs2xL0ZTI-unsplash.jpg\" class=\"w-100 objfit-cover objpos-center lazyload\" alt=\"\" data-srcset=\"https:\/\/pontevea.com\/wp-content\/uploads\/2023\/10\/getty-images-0Izs2xL0ZTI-unsplash.jpg 7360w, https:\/\/pontevea.com\/wp-content\/uploads\/2023\/10\/getty-images-0Izs2xL0ZTI-unsplash-300x200.jpg 300w, https:\/\/pontevea.com\/wp-content\/uploads\/2023\/10\/getty-images-0Izs2xL0ZTI-unsplash-1024x683.jpg 1024w, https:\/\/pontevea.com\/wp-content\/uploads\/2023\/10\/getty-images-0Izs2xL0ZTI-unsplash-18x12.jpg 18w\" sizes=\"(max-width: 7360px) 100vw, 7360px\" itemprop=\"image\" title=\"\"><noscript><img decoding=\"async\" width=\"7360\" height=\"4912\" src=\"https:\/\/pontevea.com\/wp-content\/uploads\/2023\/10\/getty-images-0Izs2xL0ZTI-unsplash.jpg\" class=\"w-100 objfit-cover objpos-center lazyload\" alt=\"\" srcset=\"https:\/\/pontevea.com\/wp-content\/uploads\/2023\/10\/getty-images-0Izs2xL0ZTI-unsplash.jpg 7360w, https:\/\/pontevea.com\/wp-content\/uploads\/2023\/10\/getty-images-0Izs2xL0ZTI-unsplash-300x200.jpg 300w, https:\/\/pontevea.com\/wp-content\/uploads\/2023\/10\/getty-images-0Izs2xL0ZTI-unsplash-1024x683.jpg 1024w, https:\/\/pontevea.com\/wp-content\/uploads\/2023\/10\/getty-images-0Izs2xL0ZTI-unsplash-18x12.jpg 18w\" sizes=\"(max-width: 7360px) 100vw, 7360px\" itemprop=\"image\" title=\"\"><\/noscript>\t\t\t\t\t<\/figure>\n\n\t\t\t\t\t<div class=\"ld-media-item-overlay d-flex flex-column align-items-center lqd-overlay text-center justify-content-center\">\n\n\t\t\t\t\t\t<div class=\"ld-media-bg lqd-overlay\"><\/div>\n\n\t\t\t\t\t\t<div class=\"ld-media-content pos-rel z-index-2\">\n\t\t\t\t\t\t\t<div class=\"ld-media-txt\">\n\t\t\t\t\t\t\t\t<h3 class=\"m-0\"><\/h3>\n\t\t\t\t\t\t\t\t<h6 class=\"m-0 text-uppercase ltr-sp-135\"><\/h6>\n\t\t\t\t\t\t\t\t\t\t\t\t\t\t\t<\/div>\n\t\t\t\t\t\t<\/div>\n\n\t\t\t\t\t<\/div>\n\n\t\t\t\t\t<a href=\"https:\/\/pontevea.com\/wp-content\/uploads\/2023\/10\/getty-images-0Izs2xL0ZTI-unsplash.jpg\" aria-label=\"\" class=\"lqd-overlay z-index-2 fresco\"  data-fresco-group=\"ld-media-element-136ae06d\"><\/a>\n\t\t\t\t<\/div>\n\n\t\t\t<\/div>\n\t\t\t\t\t\t<div class=\"masonry-item elementor-repeater-item-4609ed8\">\n\n\t\t\t\t<div class=\"ld-media-item pos-rel overflow-hidden  \">\n\n\t\t\t\t\t<figure class=\"bg-cover\">\n\t\t\t\t\t\t<img decoding=\"async\" width=\"7864\" height=\"4580\" src=\"data:image\/svg+xml;charset=utf-8,%3Csvg xmlns%3D&#039;http%3A%2F%2Fwww.w3.org%2F2000%2Fsvg&#039; viewBox%3D&#039;0 0 7864 4580&#039;%2F%3E\" class=\"w-100 objfit-cover objpos-center ld-lazyload\" alt=\"\" itemprop=\"image\" data-src=\"https:\/\/pontevea.com\/wp-content\/uploads\/2023\/10\/logan-meis-7qLT-Msda1k-unsplash.jpg\" data-srcset=\"https:\/\/pontevea.com\/wp-content\/uploads\/2023\/10\/logan-meis-7qLT-Msda1k-unsplash.jpg 7864w, https:\/\/pontevea.com\/wp-content\/uploads\/2023\/10\/logan-meis-7qLT-Msda1k-unsplash-300x175.jpg 300w, https:\/\/pontevea.com\/wp-content\/uploads\/2023\/10\/logan-meis-7qLT-Msda1k-unsplash-1024x596.jpg 1024w, https:\/\/pontevea.com\/wp-content\/uploads\/2023\/10\/logan-meis-7qLT-Msda1k-unsplash-18x10.jpg 18w\" data-sizes=\"(max-width: 7864px) 100vw, 7864px\" data-aspect=\"1.7170305676856\" title=\"\">\t\t\t\t\t<\/figure>\n\n\t\t\t\t\t<div class=\"ld-media-item-overlay d-flex flex-column align-items-center lqd-overlay text-center justify-content-end\">\n\n\t\t\t\t\t\t<div class=\"ld-media-bg lqd-overlay\"><\/div>\n\n\t\t\t\t\t\t<div class=\"ld-media-content pos-rel z-index-2\">\n\t\t\t\t\t\t\t<div class=\"ld-media-txt\">\n\t\t\t\t\t\t\t\t<h3 class=\"m-0\"><\/h3>\n\t\t\t\t\t\t\t\t<h6 class=\"m-0 text-uppercase ltr-sp-135\"><\/h6>\n\t\t\t\t\t\t\t\t\t\t\t\t\t\t\t<\/div>\n\t\t\t\t\t\t<\/div>\n\n\t\t\t\t\t<\/div>\n\n\t\t\t\t\t<a href=\"https:\/\/pontevea.com\/wp-content\/uploads\/2023\/10\/logan-meis-7qLT-Msda1k-unsplash.jpg\" aria-label=\"\" class=\"lqd-overlay z-index-2 fresco\"  data-fresco-group=\"ld-media-element-136ae06d\"><\/a>\n\t\t\t\t<\/div>\n\n\t\t\t<\/div>\n\t\t\t\t\t\t<div class=\"masonry-item elementor-repeater-item-8523701\">\n\n\t\t\t\t<div class=\"ld-media-item pos-rel overflow-hidden  \">\n\n\t\t\t\t\t<figure class=\"bg-cover\">\n\t\t\t\t\t\t<img loading=\"lazy\" decoding=\"async\" width=\"6720\" height=\"4480\" src=\"data:image\/svg+xml;charset=utf-8,%3Csvg xmlns%3D&#039;http%3A%2F%2Fwww.w3.org%2F2000%2Fsvg&#039; viewBox%3D&#039;0 0 6720 4480&#039;%2F%3E\" class=\"w-100 objfit-cover objpos-center ld-lazyload\" alt=\"\" itemprop=\"image\" data-src=\"https:\/\/pontevea.com\/wp-content\/uploads\/2023\/10\/nina-mercado-Y_t0n-T4H5M-unsplash.jpg\" data-srcset=\"https:\/\/pontevea.com\/wp-content\/uploads\/2023\/10\/nina-mercado-Y_t0n-T4H5M-unsplash.jpg 6720w, https:\/\/pontevea.com\/wp-content\/uploads\/2023\/10\/nina-mercado-Y_t0n-T4H5M-unsplash-300x200.jpg 300w, https:\/\/pontevea.com\/wp-content\/uploads\/2023\/10\/nina-mercado-Y_t0n-T4H5M-unsplash-1024x683.jpg 1024w, https:\/\/pontevea.com\/wp-content\/uploads\/2023\/10\/nina-mercado-Y_t0n-T4H5M-unsplash-18x12.jpg 18w, https:\/\/pontevea.com\/wp-content\/uploads\/2023\/10\/nina-mercado-Y_t0n-T4H5M-unsplash-1536x1024.jpg 1536w, https:\/\/pontevea.com\/wp-content\/uploads\/2023\/10\/nina-mercado-Y_t0n-T4H5M-unsplash-2048x1365.jpg 2048w, https:\/\/pontevea.com\/wp-content\/uploads\/2023\/10\/nina-mercado-Y_t0n-T4H5M-unsplash-720x480.jpg 720w\" data-sizes=\"(max-width: 6720px) 100vw, 6720px\" data-aspect=\"1.5\" title=\"\">\t\t\t\t\t<\/figure>\n\n\t\t\t\t\t<div class=\"ld-media-item-overlay d-flex flex-column align-items-center lqd-overlay text-center justify-content-end\">\n\n\t\t\t\t\t\t<div class=\"ld-media-bg lqd-overlay\"><\/div>\n\n\t\t\t\t\t\t<div class=\"ld-media-content pos-rel z-index-2\">\n\t\t\t\t\t\t\t<div class=\"ld-media-txt\">\n\t\t\t\t\t\t\t\t<h3 class=\"m-0\"><\/h3>\n\t\t\t\t\t\t\t\t<h6 class=\"m-0 text-uppercase ltr-sp-135\"><\/h6>\n\t\t\t\t\t\t\t\t\t\t\t\t\t\t\t<\/div>\n\t\t\t\t\t\t<\/div>\n\n\t\t\t\t\t<\/div>\n\n\t\t\t\t\t<a href=\"https:\/\/www.youtube.com\/watch?v=PAEu_aAsvmk\" target=\"_blank\" rel=\"nofollow noopener\" aria-label=\"\" class=\"lqd-overlay z-index-2 fresco\" data-fresco-group=\"ld-media-element-136ae06d\"><\/a>\n\t\t\t\t<\/div>\n\n\t\t\t<\/div>\n\t\t\t\t\t\t<div class=\"masonry-item elementor-repeater-item-316ed90\">\n\n\t\t\t\t<div class=\"ld-media-item pos-rel overflow-hidden  \">\n\n\t\t\t\t\t<figure class=\"bg-cover\">\n\t\t\t\t\t\t<img loading=\"lazy\" decoding=\"async\" width=\"3840\" height=\"5760\" src=\"data:image\/svg+xml;charset=utf-8,%3Csvg xmlns%3D&#039;http%3A%2F%2Fwww.w3.org%2F2000%2Fsvg&#039; viewBox%3D&#039;0 0 3840 5760&#039;%2F%3E\" class=\"w-100 objfit-cover objpos-center ld-lazyload\" alt=\"\" itemprop=\"image\" data-src=\"https:\/\/pontevea.com\/wp-content\/uploads\/2023\/10\/markus-spiske-cjOAigK9xo0-unsplash.jpg\" data-srcset=\"https:\/\/pontevea.com\/wp-content\/uploads\/2023\/10\/markus-spiske-cjOAigK9xo0-unsplash.jpg 3840w, https:\/\/pontevea.com\/wp-content\/uploads\/2023\/10\/markus-spiske-cjOAigK9xo0-unsplash-200x300.jpg 200w, https:\/\/pontevea.com\/wp-content\/uploads\/2023\/10\/markus-spiske-cjOAigK9xo0-unsplash-683x1024.jpg 683w, https:\/\/pontevea.com\/wp-content\/uploads\/2023\/10\/markus-spiske-cjOAigK9xo0-unsplash-8x12.jpg 8w, https:\/\/pontevea.com\/wp-content\/uploads\/2023\/10\/markus-spiske-cjOAigK9xo0-unsplash-1024x1536.jpg 1024w, https:\/\/pontevea.com\/wp-content\/uploads\/2023\/10\/markus-spiske-cjOAigK9xo0-unsplash-1365x2048.jpg 1365w\" data-sizes=\"(max-width: 3840px) 100vw, 3840px\" data-aspect=\"0.66666666666667\" title=\"\">\t\t\t\t\t<\/figure>\n\n\t\t\t\t\t<div class=\"ld-media-item-overlay d-flex flex-column align-items-center lqd-overlay text-center justify-content-end\">\n\n\t\t\t\t\t\t<div class=\"ld-media-bg lqd-overlay\"><\/div>\n\n\t\t\t\t\t\t<div class=\"ld-media-content pos-rel z-index-2\">\n\t\t\t\t\t\t\t<div class=\"ld-media-txt\">\n\t\t\t\t\t\t\t\t<h3 class=\"m-0\"><\/h3>\n\t\t\t\t\t\t\t\t<h6 class=\"m-0 text-uppercase ltr-sp-135\"><\/h6>\n\t\t\t\t\t\t\t\t\t\t\t\t\t\t\t<\/div>\n\t\t\t\t\t\t<\/div>\n\n\t\t\t\t\t<\/div>\n\n\t\t\t\t\t<a href=\"https:\/\/pontevea.com\/wp-content\/uploads\/2023\/10\/markus-spiske-cjOAigK9xo0-unsplash.jpg\" aria-label=\"\" class=\"lqd-overlay z-index-2 fresco\" data-fresco-group=\"ld-media-element-136ae06d\"><\/a>\n\t\t\t\t<\/div>\n\n\t\t\t<\/div>\n\t\t\t\n\t\t<\/div>\n\n\t\t\t\t\t\t<\/div>\n\t\t\t\t<\/div>\n\t\t\t\t\t<\/div>\n\t\t<\/div>\n\t\t\t\t\t<\/div>\n\t\t<\/section>\n\t\t\t\t<section class=\"elementor-section elementor-top-section elementor-element elementor-element-4a29eb2d elementor-section-full_width elementor-section-height-default elementor-section-height-default\" data-id=\"4a29eb2d\" data-element_type=\"section\" data-e-type=\"section\" data-settings=\"{&quot;background_background&quot;:&quot;slideshow&quot;,&quot;background_slideshow_gallery&quot;:[{&quot;id&quot;:10506,&quot;url&quot;:&quot;https:\\\/\\\/pontevea.com\\\/wp-content\\\/uploads\\\/2023\\\/10\\\/Screenshot-2023-10-18-at-14.12.21.png&quot;}],&quot;background_slideshow_slide_duration&quot;:5000,&quot;background_slideshow_slide_transition&quot;:&quot;fade&quot;,&quot;background_slideshow_transition_duration&quot;:500}\">\n\t\t\t\t\t\t<div class=\"elementor-container elementor-column-gap-default\">\n\t\t\t\t\t<div class=\"elementor-column elementor-col-100 elementor-top-column elementor-element elementor-element-3c89e56d\" data-id=\"3c89e56d\" data-element_type=\"column\" data-e-type=\"column\">\n\t\t\t<div class=\"elementor-widget-wrap elementor-element-populated\">\n\t\t\t\t\t\t<section class=\"elementor-section elementor-inner-section elementor-element elementor-element-6df884bc elementor-section-boxed elementor-section-height-default elementor-section-height-default\" data-id=\"6df884bc\" data-element_type=\"section\" data-e-type=\"section\">\n\t\t\t\t\t\t<div class=\"elementor-container elementor-column-gap-default\">\n\t\t\t\t\t<div class=\"elementor-column elementor-col-50 elementor-inner-column elementor-element elementor-element-491f19d6 elementor-hidden-tablet elementor-hidden-phone\" data-id=\"491f19d6\" data-element_type=\"column\" data-e-type=\"column\">\n\t\t\t<div class=\"elementor-widget-wrap\">\n\t\t\t\t\t\t\t<\/div>\n\t\t<\/div>\n\t\t\t\t<div class=\"elementor-column elementor-col-50 elementor-inner-column elementor-element elementor-element-3609339b pointer-events-auto\" data-id=\"3609339b\" data-element_type=\"column\" data-e-type=\"column\" data-settings=\"{&quot;background_background&quot;:&quot;classic&quot;}\">\n\t\t\t<div class=\"elementor-widget-wrap elementor-element-populated\">\n\t\t\t\t\t\t<div class=\"elementor-element elementor-element-238793a4 elementor-widget elementor-widget-hub_fancy_heading\" data-id=\"238793a4\" data-element_type=\"widget\" data-e-type=\"widget\" data-widget_type=\"hub_fancy_heading.default\">\n\t\t\t\t<div class=\"elementor-widget-container\">\n\t\t\t\t\t\n\t\t<div id=\"ld-fancy-heading-69ea6e3714755\" class=\"ld-fancy-heading pos-rel\">\n\t\t\t<h3 class=\"ld-fh-element d-inline-block pos-rel  elementor-heading-title lqd-highlight-classic lqd-highlight-grow-left h3\"  > D\u00f3nde encontrarnos<\/h3>\t\t<\/div>\n\n\t\t\t\t\t\t<\/div>\n\t\t\t\t<\/div>\n\t\t\t\t<div class=\"elementor-element elementor-element-1b34e7d0 elementor-align-text-left elementor-widget elementor-widget-ld_icon_box\" data-id=\"1b34e7d0\" data-element_type=\"widget\" data-e-type=\"widget\" data-widget_type=\"ld_icon_box.default\">\n\t\t\t\t<div class=\"elementor-widget-container\">\n\t\t\t\t\t\n\t\t\t<div id=\"ld_icon_box_1b34e7d0\" class=\"iconbox d-flex flex-grow-1 pos-rel iconbox-side\"   >\n\n\t\t\t\t\n\t\t\t\t<div class=\"iconbox-icon-wrap  \"><div class=\"iconbox-icon-container d-inline-flex   \"><i aria-hidden=\"true\" class=\"fas fa-map-marker-alt\"><\/i><\/div><\/div>\n\t\t\t\t\n\t\t\t\t\n\t\t\t\t\n\t\t\t\t<h3 class=\"lqd-iconbox-heading \" >PONTEVEA TEO, Teo, Espa\u00f1a, 15883 <\/h3>\t\t\t\t<p><\/p>\n\t\t\t\t\n\t\t\t\t\n\t\t\t\t\n\t\t\t<\/div>\n\n\t\t\t\t\t\t<\/div>\n\t\t\t\t<\/div>\n\t\t\t\t<div class=\"elementor-element elementor-element-7a7c8d4b elementor-align-text-left elementor-widget elementor-widget-ld_icon_box\" data-id=\"7a7c8d4b\" data-element_type=\"widget\" data-e-type=\"widget\" data-widget_type=\"ld_icon_box.default\">\n\t\t\t\t<div class=\"elementor-widget-container\">\n\t\t\t\t\t\n\t\t\t<div id=\"ld_icon_box_7a7c8d4b\" class=\"iconbox d-flex flex-grow-1 pos-rel iconbox-side\"   >\n\n\t\t\t\t\n\t\t\t\t<div class=\"iconbox-icon-wrap  \"><div class=\"iconbox-icon-container d-inline-flex   \"><i aria-hidden=\"true\" class=\"fas fa-envelope\"><\/i><\/div><\/div>\n\t\t\t\t\n\t\t\t\t\n\t\t\t\t\n\t\t\t\t<h3 class=\"lqd-iconbox-heading \" >Correo electr\u00f3nico: ponte@pontevea.com <\/h3>\t\t\t\t<p><\/p>\n\t\t\t\t\n\t\t\t\t\n\t\t\t\t\n\t\t\t<\/div>\n\n\t\t\t\t\t\t<\/div>\n\t\t\t\t<\/div>\n\t\t\t\t<div class=\"elementor-element elementor-element-c9258b6 elementor-align-text-left elementor-widget elementor-widget-ld_icon_box\" data-id=\"c9258b6\" data-element_type=\"widget\" data-e-type=\"widget\" data-widget_type=\"ld_icon_box.default\">\n\t\t\t\t<div class=\"elementor-widget-container\">\n\t\t\t\t\t\n\t\t\t<div id=\"ld_icon_box_c9258b6\" class=\"iconbox d-flex flex-grow-1 pos-rel iconbox-side\"   >\n\n\t\t\t\t\n\t\t\t\t<div class=\"iconbox-icon-wrap  \"><div class=\"iconbox-icon-container d-inline-flex   \"><i aria-hidden=\"true\" class=\"fas fa-map-marker-alt\"><\/i><\/div><\/div>\n\t\t\t\t\n\t\t\t\t\n\t\t\t\t\n\t\t\t\t<h3 class=\"lqd-iconbox-heading \" >Tel\u00e9fono: +34 981 81 16 75 <\/h3>\t\t\t\t<p><\/p>\n\t\t\t\t\n\t\t\t\t\n\t\t\t\t\n\t\t\t<\/div>\n\n\t\t\t\t\t\t<\/div>\n\t\t\t\t<\/div>\n\t\t\t\t<div class=\"elementor-element elementor-element-2ccc4d4b elementor-widget elementor-widget-ld_button\" data-id=\"2ccc4d4b\" data-element_type=\"widget\" data-e-type=\"widget\" data-widget_type=\"ld_button.default\">\n\t\t\t\t<div class=\"elementor-widget-container\">\n\t\t\t\t\t\n\t\t\t<a href=\"https:\/\/maps.app.goo.gl\/1ysy2VzEem5VSLAf9\" target=\"_blank\" rel=\"nofollow noopener\" class=\"elementor-button btn btn-solid btn-lg btn-block btn-icon-shaped btn-has-label\">\n\t\t\t\t\t\t\t\t\t<span data-text=\"Vis\u00edtanos en Google Maps\" class=\"btn-txt\">\n\t\t\t\t\t\tVis\u00edtanos en Google Maps\t\t\t\t\t<\/span>\n\t\t\t\t\t\t\t\t\t\t\t<\/a>\n\t\t\t\t\t\t\t<\/div>\n\t\t\t\t<\/div>\n\t\t\t\t\t<\/div>\n\t\t<\/div>\n\t\t\t\t\t<\/div>\n\t\t<\/section>\n\t\t\t\t\t<\/div>\n\t\t<\/div>\n\t\t\t\t\t<\/div>\n\t\t<\/section>\n\t\t\t\t<\/div>\n\t\t","protected":false},"excerpt":{"rendered":"<p>Sobre Nosotros Desde nuestra fundaci\u00f3n, equipo de Neum\u00e1ticos Ponte Mec\u00e1nica R\u00e1pida S.L. ha sido sin\u00f3nimo de integridad, profesionalismo y dedicaci\u00f3n en el mundo de la mec\u00e1nica automotriz. Situados en el coraz\u00f3n de PONTEVEA TEO, Teo, hemos servido equipo de Neum\u00e1ticos Ponte con orgullo a nuestra comunidad. Ofrecemos servicios de alta calidad que superan las expectativas [&hellip;]<\/p>\n","protected":false},"author":1,"featured_media":0,"parent":0,"menu_order":0,"comment_status":"closed","ping_status":"closed","template":"","meta":{"_monsterinsights_skip_tracking":false,"_monsterinsights_sitenote_active":false,"_monsterinsights_sitenote_note":"","_monsterinsights_sitenote_category":0,"_themeisle_gutenberg_block_has_review":false,"footnotes":""},"class_list":["post-263","page","type-page","status-publish","hentry"],"_links":{"self":[{"href":"https:\/\/pontevea.com\/gl\/wp-json\/wp\/v2\/pages\/263","targetHints":{"allow":["GET"]}}],"collection":[{"href":"https:\/\/pontevea.com\/gl\/wp-json\/wp\/v2\/pages"}],"about":[{"href":"https:\/\/pontevea.com\/gl\/wp-json\/wp\/v2\/types\/page"}],"author":[{"embeddable":true,"href":"https:\/\/pontevea.com\/gl\/wp-json\/wp\/v2\/users\/1"}],"replies":[{"embeddable":true,"href":"https:\/\/pontevea.com\/gl\/wp-json\/wp\/v2\/comments?post=263"}],"version-history":[{"count":33,"href":"https:\/\/pontevea.com\/gl\/wp-json\/wp\/v2\/pages\/263\/revisions"}],"predecessor-version":[{"id":10851,"href":"https:\/\/pontevea.com\/gl\/wp-json\/wp\/v2\/pages\/263\/revisions\/10851"}],"wp:attachment":[{"href":"https:\/\/pontevea.com\/gl\/wp-json\/wp\/v2\/media?parent=263"}],"curies":[{"name":"wp","href":"https:\/\/api.w.org\/{rel}","templated":true}]}}