{"id":10587,"date":"2023-10-18T13:41:41","date_gmt":"2023-10-18T13:41:41","guid":{"rendered":"https:\/\/pontevea.com\/?page_id=10587"},"modified":"2023-10-18T16:02:24","modified_gmt":"2023-10-18T16:02:24","slug":"privacy-policy","status":"publish","type":"page","link":"https:\/\/pontevea.com\/es_es\/privacy-policy\/","title":{"rendered":"Privacy Policy"},"content":{"rendered":"\t\t<div data-elementor-type=\"wp-page\" data-elementor-id=\"10587\" class=\"elementor elementor-10587\">\n\t\t\t\t<div class=\"elementor-element elementor-element-ef9414b e-flex e-con-boxed e-con e-parent\" data-id=\"ef9414b\" data-element_type=\"container\" data-e-type=\"container\">\n\t\t\t\t\t<div class=\"e-con-inner\">\n\t\t\t\t<div class=\"elementor-element elementor-element-5bf50ae elementor-widget elementor-widget-text-editor\" data-id=\"5bf50ae\" data-element_type=\"widget\" data-e-type=\"widget\" data-widget_type=\"text-editor.default\">\n\t\t\t\t<div class=\"elementor-widget-container\">\n\t\t\t\t\t\t\t\t\t<p><strong>Pol\u00edtica de Privacidad de Neum\u00e1ticos Ponte Mec\u00e1nica R\u00e1pida S.L.<\/strong><\/p><p>\u00daltima actualizaci\u00f3n: 18 de octubre de 2023<\/p><p>Esta Pol\u00edtica de Privacidad describe nuestras pol\u00edticas y procedimientos sobre la recopilaci\u00f3n, uso y divulgaci\u00f3n de su informaci\u00f3n cuando utiliza el Servicio y le informa sobre sus derechos de privacidad y c\u00f3mo la ley lo protege.<\/p><p>Utilizamos sus datos personales para proporcionar y mejorar el Servicio. Al utilizar el Servicio, acepta la recopilaci\u00f3n y el uso de la informaci\u00f3n de acuerdo con esta Pol\u00edtica de Privacidad.<\/p><p><strong>Interpretaci\u00f3n y Definiciones<\/strong> Interpretaci\u00f3n Las palabras cuya letra inicial est\u00e1 en may\u00fascula tienen significados definidos bajo las siguientes condiciones. Las siguientes definiciones tendr\u00e1n el mismo significado independientemente de si aparecen en singular o en plural.<\/p><p>Definiciones Para los prop\u00f3sitos de esta Pol\u00edtica de Privacidad:<\/p><p>Cuenta significa una cuenta \u00fanica creada para que acceda a nuestro Servicio o partes de nuestro Servicio.<\/p><p>Afiliado significa una entidad que controla, est\u00e1 controlada por o est\u00e1 bajo control com\u00fan con una parte, donde &#8220;control&#8221; significa propiedad del 50% o m\u00e1s de las acciones, inter\u00e9s patrimonial u otros valores que tienen derecho a votar para la elecci\u00f3n de directores u otra autoridad administrativa.<\/p><p>Empresa (referida como &#8220;la Empresa&#8221;, &#8220;Nosotros&#8221;, &#8220;Nos&#8221; o &#8220;Nuestro&#8221; en este acuerdo) se refiere a Neum\u00e1ticos Ponte Mec\u00e1nica R\u00e1pida S.L, PONTEVEA TEO, Teo, Espa\u00f1a, 15883.<\/p><p>Las cookies son peque\u00f1os archivos que se colocan en su computadora, dispositivo m\u00f3vil o cualquier otro dispositivo por un sitio web, que contiene detalles de su historial de navegaci\u00f3n en ese sitio web entre sus muchos usos.<\/p><p>Pa\u00eds se refiere a: Espa\u00f1a<\/p><p>Dispositivo significa cualquier dispositivo que pueda acceder al Servicio, como una computadora, un tel\u00e9fono celular o una tableta digital.<\/p><p>Datos personales es cualquier informaci\u00f3n que se relacione con una persona identificada o identificable.<\/p><p>Servicio se refiere al sitio web.<\/p><p>Proveedor de servicios significa cualquier persona natural o jur\u00eddica que procesa los datos en nombre de la Empresa. Se refiere a empresas o individuos de terceros empleados por la Empresa para facilitar el Servicio, para proporcionar el Servicio en nombre de la Empresa, para realizar servicios relacionados con el Servicio o para ayudar a la Empresa en el an\u00e1lisis de c\u00f3mo se utiliza el Servicio.<\/p><p>Los datos de uso se refieren a los datos recopilados autom\u00e1ticamente, generados por el uso del Servicio o por la infraestructura del Servicio en s\u00ed (por ejemplo, la duraci\u00f3n de una visita a la p\u00e1gina).<\/p><p>Sitio web se refiere a Neum\u00e1ticos Ponte Mec\u00e1nica R\u00e1pida S.L, accesible desde pontevea.com<\/p><p>Usted significa el individuo que accede o utiliza el Servicio, o la empresa, u otra entidad legal en nombre de la cual dicho individuo est\u00e1 accediendo o utilizando el Servicio, seg\u00fan corresponda.<\/p><p><strong>Recolecci\u00f3n y Uso de Sus Datos Personales<\/strong> Tipos de Datos Recopilados Datos Personales Al usar nuestro Servicio, es posible que le pidamos que nos proporcione cierta informaci\u00f3n de identificaci\u00f3n personal que se puede usar para contactarlo o identificarlo. La informaci\u00f3n de identificaci\u00f3n personal puede incluir, pero no se limita a:<\/p><p>Direcci\u00f3n de correo electr\u00f3nico<\/p><p>N\u00famero de tel\u00e9fono<\/p><p>Datos de uso<\/p><p>Datos de Uso Los datos de uso se recopilan autom\u00e1ticamente al usar el Servicio.<\/p><p>Los datos de uso pueden incluir informaci\u00f3n como la direcci\u00f3n del Protocolo de Internet de su dispositivo (por ejemplo, direcci\u00f3n IP), tipo de navegador, versi\u00f3n del navegador, las p\u00e1ginas de nuestro Servicio que visita, la hora y fecha de su visita, el tiempo que pasa en esas p\u00e1ginas, identificadores de dispositivos \u00fanicos y otros datos de diagn\u00f3stico.<\/p><p>Cuando accede al Servicio a trav\u00e9s de un dispositivo m\u00f3vil, es posible que recopilemos cierta informaci\u00f3n autom\u00e1ticamente, incluida, entre otros, el tipo de dispositivo m\u00f3vil que utiliza, la identificaci\u00f3n \u00fanica de su dispositivo m\u00f3vil, la direcci\u00f3n IP de su dispositivo m\u00f3vil, su sistema operativo m\u00f3vil, el tipo de navegador m\u00f3vil que utiliza, identificadores de dispositivo \u00fanicos y otros datos de diagn\u00f3stico.<\/p><p>Tambi\u00e9n podemos recopilar informaci\u00f3n que su navegador env\u00eda cada vez que visita nuestro Servicio o cuando accede al Servicio a trav\u00e9s de un dispositivo m\u00f3vil.<\/p><p><strong>Tecnolog\u00edas de Seguimiento y Cookies<\/strong> Utilizamos cookies y tecnolog\u00edas de seguimiento similares para rastrear la actividad en nuestro Servicio y almacenar cierta informaci\u00f3n. Las tecnolog\u00edas de seguimiento utilizadas son balizas, etiquetas y scripts para recopilar y rastrear informaci\u00f3n y para mejorar y analizar nuestro Servicio. Las tecnolog\u00edas que utilizamos pueden incluir:<\/p><p>Cookies o cookies del navegador. Una cookie es un peque\u00f1o archivo colocado en su dispositivo. Puede instruir a su navegador para que rechace todas las cookies o para que indique cu\u00e1ndo se est\u00e1 enviando una cookie. Sin embargo, si no acepta cookies, es posible que no pueda usar algunas partes de nuestro Servicio. A menos que haya ajustado la configuraci\u00f3n de su navegador para que rechace las cookies, nuestro Servicio puede usar cookies.<\/p><p>Ciertas se<\/p><p>cciones de nuestro Servicio y nuestros correos electr\u00f3nicos pueden contener peque\u00f1os archivos electr\u00f3nicos conocidos como balizas web (tambi\u00e9n referidos como gifs transparentes, etiquetas de p\u00edxeles y gifs de un solo p\u00edxel) que permiten a la Empresa, por ejemplo, contar a los usuarios que han visitado esas p\u00e1ginas o abierto un correo electr\u00f3nico y para otras estad\u00edsticas relacionadas con el sitio web (por ejemplo, registrar la popularidad de una cierta secci\u00f3n y verificar la integridad del sistema y del servidor).<\/p><p>Las cookies pueden ser &#8220;Persistentes&#8221; o &#8220;de Sesi\u00f3n&#8221;. Las Cookies Persistentes permanecen en su computadora personal o dispositivo m\u00f3vil cuando se desconecta, mientras que las Cookies de Sesi\u00f3n se eliminan tan pronto como cierra su navegador web. Obtenga m\u00e1s informaci\u00f3n sobre las cookies en el art\u00edculo del sitio web de Free Privacy Policy.<\/p><p>Utilizamos tanto Cookies de Sesi\u00f3n como Persistentes para los prop\u00f3sitos establecidos a continuaci\u00f3n:<\/p><p>Cookies Necesarias \/ Esenciales<\/p><p>Tipo: Cookies de Sesi\u00f3n<\/p><p>Administrado por: Nosotros<\/p><p>Prop\u00f3sito: Estas Cookies son esenciales para proporcionarle servicios disponibles a trav\u00e9s del Sitio Web y para permitirle usar algunas de sus caracter\u00edsticas. Ayudan a autenticar a los usuarios y prevenir el uso fraudulento de cuentas de usuario. Sin estas Cookies, los servicios que ha solicitado no pueden ser proporcionados, y solo usamos estas Cookies para proporcionarle esos servicios.<\/p><p>Cookies de Pol\u00edtica \/ Aviso de Aceptaci\u00f3n<\/p><p>Tipo: Cookies Persistentes<\/p><p>Administrado por: Nosotros<\/p><p>Prop\u00f3sito: Estas Cookies identifican si los usuarios han aceptado el uso de cookies en el Sitio Web.<\/p><p>Cookies de Funcionalidad<\/p><p>Tipo: Cookies Persistentes<\/p><p>Administrado por: Nosotros<\/p><p>Prop\u00f3sito: Estas Cookies nos permiten recordar las elecciones que hace cuando utiliza el Sitio Web, como recordar sus datos de inicio de sesi\u00f3n o preferencia de idioma. El prop\u00f3sito de estas Cookies es proporcionarle una experiencia m\u00e1s personal y evitar que tenga que volver a ingresar sus preferencias cada vez que utilice el Sitio Web.<\/p><p>Para obtener m\u00e1s informaci\u00f3n sobre las cookies que utilizamos y sus opciones con respecto a las cookies, visite nuestra Pol\u00edtica de Cookies o la secci\u00f3n de Cookies de nuestra Pol\u00edtica de Privacidad.<\/p><p><strong>Uso de Sus Datos Personales<\/strong> La Empresa puede usar Datos Personales para los siguientes prop\u00f3sitos:<\/p><ul><li>Para proporcionar y mantener nuestro Servicio, incluido monitorear el uso de nuestro Servicio.<\/li><li>Para gestionar su cuenta: gestionar su registro como usuario del Servicio. Los Datos Personales que proporcione pueden darle acceso a diferentes funcionalidades del Servicio que est\u00e1n disponibles para usted como usuario registrado.<\/li><li>Para el rendimiento de un contrato: el desarrollo, cumplimiento y realizaci\u00f3n del contrato de compra de los productos, art\u00edculos o servicios que ha comprado o de cualquier otro contrato con nosotros a trav\u00e9s del Servicio.<\/li><li>Para contactarlo: Para contactarlo por correo electr\u00f3nico, llamadas telef\u00f3nicas, SMS u otras formas equivalentes de comunicaci\u00f3n electr\u00f3nica, como las notificaciones push de una aplicaci\u00f3n m\u00f3vil, con respecto a actualizaciones o comunicaciones informativas relacionadas con las funcionalidades, productos o servicios contratados, incluidas las actualizaciones de seguridad, cuando sea necesario o razonable para su implementaci\u00f3n.<\/li><li>Para proporcionarle noticias, ofertas especiales e informaci\u00f3n general sobre otros bienes, servicios y eventos que ofrecemos que son similares a los que ya ha comprado o consultado, a menos que haya optado por no recibir dicha informaci\u00f3n.<\/li><li>Para gestionar sus solicitudes: Atender y gestionar sus solicitudes a nosotros.<\/li><\/ul><p><strong>Retenci\u00f3n de Sus Datos Personales<\/strong> La Empresa retendr\u00e1 sus Datos Personales solo durante el tiempo que sea necesario para los fines establecidos en esta Pol\u00edtica de Privacidad. Retendremos y usaremos sus Datos Personales en la medida necesaria para cumplir con nuestras obligaciones legales (por ejemplo, si estamos obligados a retener sus datos para cumplir con las leyes aplicables), resolver disputas y hacer cumplir nuestros acuerdos y pol\u00edticas legales.<\/p><p>La Empresa tambi\u00e9n retendr\u00e1 los Datos de Uso para fines de an\u00e1lisis interno. Los Datos de Uso generalmente se retienen por un per\u00edodo de tiempo m\u00e1s corto, excepto cuando estos datos se utilizan para fortalecer la seguridad o mejorar la funcionalidad de nuestro Servicio, o estamos legalmente obligados a retener estos datos durante per\u00edodos de tiempo m\u00e1s largos.<\/p><p><strong>Transferencia de Sus Datos Personales<\/strong> Su informaci\u00f3n, incluidos los Datos Personales, se procesa en las oficinas operativas de la Empresa y en cualquier otro lugar donde se encuentren las partes involucradas en el procesamiento. Esto significa que esta informaci\u00f3n puede ser transferida a \u2014 y mantenida en \u2014 computadoras ubicadas fuera de su estado, provincia, pa\u00eds u otra jurisdicci\u00f3n gubernamental donde las leyes de protecci\u00f3n de datos pueden diferir de las de su jurisdicci\u00f3n.<\/p><p>Su consentimiento a esta Pol\u00edtica de Privacidad seguido de su env\u00edo de dicha informaci\u00f3n representa su acuerdo con esa transferencia.<\/p><p>La Empresa tomar\u00e1 todas las medidas razonablemente necesarias para garantizar que sus datos sean tratados de manera segura y de acuerdo con esta Pol\u00edtica de Privacidad y no se realizar\u00e1 ninguna transferencia de sus Datos Personales a una organizaci\u00f3n.<\/p>\t\t\t\t\t\t\t\t<\/div>\n\t\t\t\t<\/div>\n\t\t\t\t\t<\/div>\n\t\t\t\t<\/div>\n\t\t\t\t<section class=\"elementor-section elementor-top-section elementor-element elementor-element-5d946027 elementor-section-full_width elementor-section-height-default elementor-section-height-default\" data-id=\"5d946027\" data-element_type=\"section\" data-e-type=\"section\" data-settings=\"{&quot;background_background&quot;:&quot;slideshow&quot;,&quot;background_slideshow_gallery&quot;:[{&quot;id&quot;:10506,&quot;url&quot;:&quot;https:\\\/\\\/pontevea.com\\\/wp-content\\\/uploads\\\/2023\\\/10\\\/Screenshot-2023-10-18-at-14.12.21.png&quot;}],&quot;background_slideshow_slide_duration&quot;:5000,&quot;background_slideshow_slide_transition&quot;:&quot;fade&quot;,&quot;background_slideshow_transition_duration&quot;:500}\">\n\t\t\t\t\t\t<div class=\"elementor-container elementor-column-gap-default\">\n\t\t\t\t\t<div class=\"elementor-column elementor-col-100 elementor-top-column elementor-element elementor-element-5a3c501c\" data-id=\"5a3c501c\" data-element_type=\"column\" data-e-type=\"column\">\n\t\t\t<div class=\"elementor-widget-wrap elementor-element-populated\">\n\t\t\t\t\t\t<section class=\"elementor-section elementor-inner-section elementor-element elementor-element-2f8bd6eb elementor-section-boxed elementor-section-height-default elementor-section-height-default\" data-id=\"2f8bd6eb\" data-element_type=\"section\" data-e-type=\"section\">\n\t\t\t\t\t\t<div class=\"elementor-container elementor-column-gap-default\">\n\t\t\t\t\t<div class=\"elementor-column elementor-col-50 elementor-inner-column elementor-element elementor-element-79954dbf elementor-hidden-tablet elementor-hidden-phone\" data-id=\"79954dbf\" data-element_type=\"column\" data-e-type=\"column\">\n\t\t\t<div class=\"elementor-widget-wrap\">\n\t\t\t\t\t\t\t<\/div>\n\t\t<\/div>\n\t\t\t\t<div class=\"elementor-column elementor-col-50 elementor-inner-column elementor-element elementor-element-7cc93d26 pointer-events-auto\" data-id=\"7cc93d26\" data-element_type=\"column\" data-e-type=\"column\" data-settings=\"{&quot;background_background&quot;:&quot;classic&quot;}\">\n\t\t\t<div class=\"elementor-widget-wrap elementor-element-populated\">\n\t\t\t\t\t\t<div class=\"elementor-element elementor-element-14694e30 elementor-widget elementor-widget-hub_fancy_heading\" data-id=\"14694e30\" data-element_type=\"widget\" data-e-type=\"widget\" data-widget_type=\"hub_fancy_heading.default\">\n\t\t\t\t<div class=\"elementor-widget-container\">\n\t\t\t\t\t\n\t\t<div id=\"ld-fancy-heading-69ea6871612d1\" class=\"ld-fancy-heading pos-rel\">\n\t\t\t<h3 class=\"ld-fh-element d-inline-block pos-rel  elementor-heading-title lqd-highlight-classic lqd-highlight-grow-left h3\"  > D\u00f3nde encontrarnos<\/h3>\t\t<\/div>\n\n\t\t\t\t\t\t<\/div>\n\t\t\t\t<\/div>\n\t\t\t\t<div class=\"elementor-element elementor-element-dd31173 elementor-align-text-left elementor-widget elementor-widget-ld_icon_box\" data-id=\"dd31173\" data-element_type=\"widget\" data-e-type=\"widget\" data-widget_type=\"ld_icon_box.default\">\n\t\t\t\t<div class=\"elementor-widget-container\">\n\t\t\t\t\t\n\t\t\t<div id=\"ld_icon_box_dd31173\" class=\"iconbox d-flex flex-grow-1 pos-rel iconbox-side\"   >\n\n\t\t\t\t\n\t\t\t\t<div class=\"iconbox-icon-wrap  \"><div class=\"iconbox-icon-container d-inline-flex   \"><i aria-hidden=\"true\" class=\"fas fa-map-marker-alt\"><\/i><\/div><\/div>\n\t\t\t\t\n\t\t\t\t\n\t\t\t\t\n\t\t\t\t<h3 class=\"lqd-iconbox-heading \" >PONTEVEA TEO, Teo, Espa\u00f1a, 15883 <\/h3>\t\t\t\t<p><\/p>\n\t\t\t\t\n\t\t\t\t\n\t\t\t\t\n\t\t\t<\/div>\n\n\t\t\t\t\t\t<\/div>\n\t\t\t\t<\/div>\n\t\t\t\t<div class=\"elementor-element elementor-element-3a519ad1 elementor-align-text-left elementor-widget elementor-widget-ld_icon_box\" data-id=\"3a519ad1\" data-element_type=\"widget\" data-e-type=\"widget\" data-widget_type=\"ld_icon_box.default\">\n\t\t\t\t<div class=\"elementor-widget-container\">\n\t\t\t\t\t\n\t\t\t<div id=\"ld_icon_box_3a519ad1\" class=\"iconbox d-flex flex-grow-1 pos-rel iconbox-side\"   >\n\n\t\t\t\t\n\t\t\t\t<div class=\"iconbox-icon-wrap  \"><div class=\"iconbox-icon-container d-inline-flex   \"><i aria-hidden=\"true\" class=\"fas fa-envelope\"><\/i><\/div><\/div>\n\t\t\t\t\n\t\t\t\t\n\t\t\t\t\n\t\t\t\t<h3 class=\"lqd-iconbox-heading \" >Correo electr\u00f3nico: ponte@pontevea.com <\/h3>\t\t\t\t<p><\/p>\n\t\t\t\t\n\t\t\t\t\n\t\t\t\t\n\t\t\t<\/div>\n\n\t\t\t\t\t\t<\/div>\n\t\t\t\t<\/div>\n\t\t\t\t<div class=\"elementor-element elementor-element-6450d5d9 elementor-align-text-left elementor-widget elementor-widget-ld_icon_box\" data-id=\"6450d5d9\" data-element_type=\"widget\" data-e-type=\"widget\" data-widget_type=\"ld_icon_box.default\">\n\t\t\t\t<div class=\"elementor-widget-container\">\n\t\t\t\t\t\n\t\t\t<div id=\"ld_icon_box_6450d5d9\" class=\"iconbox d-flex flex-grow-1 pos-rel iconbox-side\"   >\n\n\t\t\t\t\n\t\t\t\t<div class=\"iconbox-icon-wrap  \"><div class=\"iconbox-icon-container d-inline-flex   \"><i aria-hidden=\"true\" class=\"fas fa-map-marker-alt\"><\/i><\/div><\/div>\n\t\t\t\t\n\t\t\t\t\n\t\t\t\t\n\t\t\t\t<h3 class=\"lqd-iconbox-heading \" >Tel\u00e9fono: +34 981 81 16 75 <\/h3>\t\t\t\t<p><\/p>\n\t\t\t\t\n\t\t\t\t\n\t\t\t\t\n\t\t\t<\/div>\n\n\t\t\t\t\t\t<\/div>\n\t\t\t\t<\/div>\n\t\t\t\t<div class=\"elementor-element elementor-element-3fb6212b elementor-widget elementor-widget-ld_button\" data-id=\"3fb6212b\" data-element_type=\"widget\" data-e-type=\"widget\" data-widget_type=\"ld_button.default\">\n\t\t\t\t<div class=\"elementor-widget-container\">\n\t\t\t\t\t\n\t\t\t<a href=\"https:\/\/maps.app.goo.gl\/1ysy2VzEem5VSLAf9\" target=\"_blank\" rel=\"nofollow noopener\" class=\"elementor-button btn btn-solid btn-lg btn-block btn-icon-shaped btn-has-label\">\n\t\t\t\t\t\t\t\t\t<span data-text=\"Vis\u00edtanos en Google Maps\" class=\"btn-txt\">\n\t\t\t\t\t\tVis\u00edtanos en Google Maps\t\t\t\t\t<\/span>\n\t\t\t\t\t\t\t\t\t\t\t<\/a>\n\t\t\t\t\t\t\t<\/div>\n\t\t\t\t<\/div>\n\t\t\t\t\t<\/div>\n\t\t<\/div>\n\t\t\t\t\t<\/div>\n\t\t<\/section>\n\t\t\t\t\t<\/div>\n\t\t<\/div>\n\t\t\t\t\t<\/div>\n\t\t<\/section>\n\t\t\t\t<\/div>\n\t\t","protected":false},"excerpt":{"rendered":"<p>Pol\u00edtica de Privacidad de Neum\u00e1ticos Ponte Mec\u00e1nica R\u00e1pida S.L. \u00daltima actualizaci\u00f3n: 18 de octubre de 2023 Esta Pol\u00edtica de Privacidad describe nuestras pol\u00edticas y procedimientos sobre la recopilaci\u00f3n, uso y divulgaci\u00f3n de su informaci\u00f3n cuando utiliza el Servicio y le informa sobre sus derechos de privacidad y c\u00f3mo la ley lo protege. Utilizamos sus datos [&hellip;]<\/p>\n","protected":false},"author":1,"featured_media":0,"parent":0,"menu_order":0,"comment_status":"closed","ping_status":"closed","template":"","meta":{"_monsterinsights_skip_tracking":false,"_monsterinsights_sitenote_active":false,"_monsterinsights_sitenote_note":"","_monsterinsights_sitenote_category":0,"_themeisle_gutenberg_block_has_review":false,"footnotes":""},"class_list":["post-10587","page","type-page","status-publish","hentry"],"_links":{"self":[{"href":"https:\/\/pontevea.com\/es_es\/wp-json\/wp\/v2\/pages\/10587","targetHints":{"allow":["GET"]}}],"collection":[{"href":"https:\/\/pontevea.com\/es_es\/wp-json\/wp\/v2\/pages"}],"about":[{"href":"https:\/\/pontevea.com\/es_es\/wp-json\/wp\/v2\/types\/page"}],"author":[{"embeddable":true,"href":"https:\/\/pontevea.com\/es_es\/wp-json\/wp\/v2\/users\/1"}],"replies":[{"embeddable":true,"href":"https:\/\/pontevea.com\/es_es\/wp-json\/wp\/v2\/comments?post=10587"}],"version-history":[{"count":23,"href":"https:\/\/pontevea.com\/es_es\/wp-json\/wp\/v2\/pages\/10587\/revisions"}],"predecessor-version":[{"id":10740,"href":"https:\/\/pontevea.com\/es_es\/wp-json\/wp\/v2\/pages\/10587\/revisions\/10740"}],"wp:attachment":[{"href":"https:\/\/pontevea.com\/es_es\/wp-json\/wp\/v2\/media?parent=10587"}],"curies":[{"name":"wp","href":"https:\/\/api.w.org\/{rel}","templated":true}]}}